{"id":1657,"date":"2026-04-16T11:16:31","date_gmt":"2026-04-16T11:16:31","guid":{"rendered":"https:\/\/techlio.online\/files\/?page_id=1657"},"modified":"2026-04-17T09:09:17","modified_gmt":"2026-04-17T09:09:17","slug":"kateqoriyalar","status":"publish","type":"page","link":"https:\/\/techlio.online\/files\/kateqoriyalar\/","title":{"rendered":"Kateqoriyalar"},"content":{"rendered":"\n<div class=\"wp-block-group is-layout-constrained wp-block-group-is-layout-constrained\"><style>.wp-block-kadence-column.kb-section-dir-horizontal > .kt-inside-inner-col > .kt-info-box1657_756fdb-60 .kt-blocks-info-box-link-wrap{max-width:unset;}.kt-info-box1657_756fdb-60 .kt-blocks-info-box-link-wrap{border-top:5px solid var(--global-palette7, #eeeeee);border-right:5px solid var(--global-palette7, #eeeeee);border-bottom:5px solid var(--global-palette7, #eeeeee);border-left:5px solid var(--global-palette7, #eeeeee);border-top-left-radius:20px;border-top-right-radius:20px;border-bottom-right-radius:20px;border-bottom-left-radius:20px;background:#ffffff;padding-top:var(--global-kb-spacing-sm, 1.5rem);padding-right:var(--global-kb-spacing-sm, 1.5rem);padding-bottom:var(--global-kb-spacing-sm, 1.5rem);padding-left:var(--global-kb-spacing-sm, 1.5rem);margin-top:50px;}.kt-info-box1657_756fdb-60 .kadence-info-box-icon-container .kt-info-svg-icon, .kt-info-box1657_756fdb-60 .kt-info-svg-icon-flip, .kt-info-box1657_756fdb-60 .kt-blocks-info-box-number{font-size:50px;}.kt-info-box1657_756fdb-60 .kt-blocks-info-box-media{background:#ffffff;border-color:var(--global-palette7, #eeeeee);border-radius:200px;overflow:hidden;border-top-width:5px;border-right-width:5px;border-bottom-width:5px;border-left-width:5px;padding-top:20px;padding-right:20px;padding-bottom:20px;padding-left:20px;}.kt-info-box1657_756fdb-60 .kt-blocks-info-box-media-container{margin-top:-75px;margin-right:0px;margin-bottom:20px;margin-left:0px;}.kt-info-box1657_756fdb-60 .kt-blocks-info-box-media .kadence-info-box-image-intrisic img{border-radius:200px;}.kt-info-box1657_756fdb-60 .kt-blocks-info-box-link-wrap:hover .kt-blocks-info-box-media{color:var(--theme-palette-color-8, #ffffff);background:#0078d6;border-color:var(--theme-palette-color-5, #e1e8ed);}.kt-info-box1657_756fdb-60 .kt-infobox-textcontent h2.kt-blocks-info-box-title{padding-top:0px;padding-right:0px;padding-bottom:0px;padding-left:0px;margin-top:5px;margin-right:0px;margin-bottom:10px;margin-left:0px;}.kt-info-box1657_756fdb-60 .kt-blocks-info-box-learnmore{background:transparent;border-width:0px 0px 0px 0px;padding-top:4px;padding-right:8px;padding-bottom:4px;padding-left:8px;margin-top:10px;margin-right:0px;margin-bottom:10px;margin-left:0px;}.kt-info-box1657_756fdb-60 .kt-blocks-info-box-link-wrap{box-shadow:0px 0px 0px 0px rgba(0, 0, 0, 0);}.kt-info-box1657_756fdb-60 .kt-blocks-info-box-link-wrap:hover{box-shadow:0px 35px 30px -5px rgba(0, 0, 0, 0.2);}@media all and (max-width: 1024px){.kt-info-box1657_756fdb-60 .kt-blocks-info-box-link-wrap{border-top:5px solid var(--global-palette7, #eeeeee);border-right:5px solid var(--global-palette7, #eeeeee);border-bottom:5px solid var(--global-palette7, #eeeeee);border-left:5px solid var(--global-palette7, #eeeeee);box-shadow:0px 0px 0px 0px rgba(0, 0, 0, 0);}}@media all and (max-width: 1024px){.kt-info-box1657_756fdb-60 .kt-blocks-info-box-link-wrap:hover{box-shadow:0px 35px 30px -5px rgba(0, 0, 0, 0.2);}}@media all and (max-width: 767px){.kt-info-box1657_756fdb-60 .kt-blocks-info-box-link-wrap{border-top:5px solid var(--global-palette7, #eeeeee);border-right:5px solid var(--global-palette7, #eeeeee);border-bottom:5px solid var(--global-palette7, #eeeeee);border-left:5px solid var(--global-palette7, #eeeeee);box-shadow:0px 0px 0px 0px rgba(0, 0, 0, 0);}.kt-info-box1657_756fdb-60 .kt-blocks-info-box-link-wrap:hover{box-shadow:0px 35px 30px -5px rgba(0, 0, 0, 0.2);}}<\/style>\n<div class=\"wp-block-kadence-infobox kt-info-box1657_756fdb-60\"><a class=\"kt-blocks-info-box-link-wrap info-box-link kt-blocks-info-box-media-align-top kt-info-halign-center\" href=\"https:\/\/techlio.online\/files\/kateqoriyalar\/windows-proqramlari\/\" aria-label=\"Windows Proqramlar\u0131\"><div class=\"kt-blocks-info-box-media-container\"><div class=\"kt-blocks-info-box-media kt-info-media-animate-flip\"><div class=\"kadence-info-box-icon-container kt-info-icon-animate-flip\"><div class=\"kadence-info-box-icon-inner-container\"><span class=\"kb-svg-icon-wrap kb-svg-icon-fa_windows kt-info-svg-icon\"><svg viewBox=\"0 0 448 512\"  fill=\"currentColor\" xmlns=\"http:\/\/www.w3.org\/2000\/svg\"  aria-hidden=\"true\"><path d=\"M0 93.7l183.6-25.3v177.4H0V93.7zm0 324.6l183.6 25.3V268.4H0v149.9zm203.8 28L448 480V268.4H203.8v177.9zm0-380.6v180.1H448V32L203.8 65.7z\"\/><\/svg><\/span><span class=\"kb-svg-icon-wrap kb-svg-icon-fa_windows kt-info-svg-icon-flip\"><svg viewBox=\"0 0 448 512\"  fill=\"currentColor\" xmlns=\"http:\/\/www.w3.org\/2000\/svg\"  aria-hidden=\"true\"><path d=\"M0 93.7l183.6-25.3v177.4H0V93.7zm0 324.6l183.6 25.3V268.4H0v149.9zm203.8 28L448 480V268.4H203.8v177.9zm0-380.6v180.1H448V32L203.8 65.7z\"\/><\/svg><\/span><\/div><\/div><\/div><\/div><div class=\"kt-infobox-textcontent\"><h2 class=\"kt-blocks-info-box-title\">Windows Proqramlar\u0131<\/h2><p class=\"kt-blocks-info-box-text\">Windows \u0259m\u0259liyyat sistemi \u00fc\u00e7\u00fcn g\u00fcnd\u0259lik istifad\u0259 v\u0259 pe\u015f\u0259kar i\u015fl\u0259rd\u0259 laz\u0131m olan proqramlar v\u0259 t\u0259tbiql\u0259r.<\/p><\/div><\/a><\/div>\n\n\n<style>.wp-block-kadence-column.kb-section-dir-horizontal > .kt-inside-inner-col > .kt-info-box1657_a6697d-ed .kt-blocks-info-box-link-wrap{max-width:unset;}.kt-info-box1657_a6697d-ed .kt-blocks-info-box-link-wrap{border-top:5px solid var(--global-palette7, #eeeeee);border-right:5px solid var(--global-palette7, #eeeeee);border-bottom:5px solid var(--global-palette7, #eeeeee);border-left:5px solid var(--global-palette7, #eeeeee);border-top-left-radius:20px;border-top-right-radius:20px;border-bottom-right-radius:20px;border-bottom-left-radius:20px;background:#ffffff;padding-top:var(--global-kb-spacing-sm, 1.5rem);padding-right:var(--global-kb-spacing-sm, 1.5rem);padding-bottom:var(--global-kb-spacing-sm, 1.5rem);padding-left:var(--global-kb-spacing-sm, 1.5rem);margin-top:50px;}.kt-info-box1657_a6697d-ed .kadence-info-box-icon-container .kt-info-svg-icon, .kt-info-box1657_a6697d-ed .kt-info-svg-icon-flip, .kt-info-box1657_a6697d-ed .kt-blocks-info-box-number{font-size:50px;}.kt-info-box1657_a6697d-ed .kt-blocks-info-box-media{background:#ffffff;border-color:var(--global-palette7, #eeeeee);border-radius:200px;overflow:hidden;border-top-width:5px;border-right-width:5px;border-bottom-width:5px;border-left-width:5px;padding-top:20px;padding-right:20px;padding-bottom:20px;padding-left:20px;}.kt-info-box1657_a6697d-ed .kt-blocks-info-box-media-container{margin-top:-75px;margin-right:0px;margin-bottom:20px;margin-left:0px;}.kt-info-box1657_a6697d-ed .kt-blocks-info-box-media .kadence-info-box-image-intrisic img{border-radius:200px;}.kt-info-box1657_a6697d-ed .kt-blocks-info-box-link-wrap:hover .kt-blocks-info-box-media{color:#f2aa4c;background:#101820;}.kt-info-box1657_a6697d-ed .kt-infobox-textcontent h2.kt-blocks-info-box-title{padding-top:0px;padding-right:0px;padding-bottom:0px;padding-left:0px;margin-top:5px;margin-right:0px;margin-bottom:10px;margin-left:0px;}.kt-info-box1657_a6697d-ed .kt-blocks-info-box-learnmore{background:transparent;border-width:0px 0px 0px 0px;padding-top:4px;padding-right:8px;padding-bottom:4px;padding-left:8px;margin-top:10px;margin-right:0px;margin-bottom:10px;margin-left:0px;}.kt-info-box1657_a6697d-ed .kt-blocks-info-box-link-wrap{box-shadow:0px 0px 0px 0px rgba(0, 0, 0, 0);}.kt-info-box1657_a6697d-ed .kt-blocks-info-box-link-wrap:hover{box-shadow:0px 35px 30px -5px rgba(0, 0, 0, 0.2);}@media all and (max-width: 1024px){.kt-info-box1657_a6697d-ed .kt-blocks-info-box-link-wrap{border-top:5px solid var(--global-palette7, #eeeeee);border-right:5px solid var(--global-palette7, #eeeeee);border-bottom:5px solid var(--global-palette7, #eeeeee);border-left:5px solid var(--global-palette7, #eeeeee);box-shadow:0px 0px 0px 0px rgba(0, 0, 0, 0);}}@media all and (max-width: 1024px){.kt-info-box1657_a6697d-ed .kt-blocks-info-box-link-wrap:hover{box-shadow:0px 35px 30px -5px rgba(0, 0, 0, 0.2);}}@media all and (max-width: 767px){.kt-info-box1657_a6697d-ed .kt-blocks-info-box-link-wrap{border-top:5px solid var(--global-palette7, #eeeeee);border-right:5px solid var(--global-palette7, #eeeeee);border-bottom:5px solid var(--global-palette7, #eeeeee);border-left:5px solid var(--global-palette7, #eeeeee);box-shadow:0px 0px 0px 0px rgba(0, 0, 0, 0);}.kt-info-box1657_a6697d-ed .kt-blocks-info-box-link-wrap:hover{box-shadow:0px 35px 30px -5px rgba(0, 0, 0, 0.2);}}<\/style>\n<div class=\"wp-block-kadence-infobox kt-info-box1657_a6697d-ed\"><a class=\"kt-blocks-info-box-link-wrap info-box-link kt-blocks-info-box-media-align-top kt-info-halign-center\" href=\"https:\/\/techlio.online\/files\/kateqoriyalar\/dizayn-proqramlari\/\" aria-label=\"Dizayn Proqramlar\u0131\"><div class=\"kt-blocks-info-box-media-container\"><div class=\"kt-blocks-info-box-media kt-info-media-animate-flip\"><div class=\"kadence-info-box-icon-container kt-info-icon-animate-flip\"><div class=\"kadence-info-box-icon-inner-container\"><span class=\"kb-svg-icon-wrap kb-svg-icon-fe_film kt-info-svg-icon\"><svg viewBox=\"0 0 24 24\"  fill=\"none\" stroke=\"currentColor\" stroke-width=\"2\" stroke-linecap=\"round\" stroke-linejoin=\"round\" xmlns=\"http:\/\/www.w3.org\/2000\/svg\"  aria-hidden=\"true\"><rect x=\"2\" y=\"2\" width=\"20\" height=\"20\" rx=\"2.18\" ry=\"2.18\"\/><line x1=\"7\" y1=\"2\" x2=\"7\" y2=\"22\"\/><line x1=\"17\" y1=\"2\" x2=\"17\" y2=\"22\"\/><line x1=\"2\" y1=\"12\" x2=\"22\" y2=\"12\"\/><line x1=\"2\" y1=\"7\" x2=\"7\" y2=\"7\"\/><line x1=\"2\" y1=\"17\" x2=\"7\" y2=\"17\"\/><line x1=\"17\" y1=\"17\" x2=\"22\" y2=\"17\"\/><line x1=\"17\" y1=\"7\" x2=\"22\" y2=\"7\"\/><\/svg><\/span><span class=\"kb-svg-icon-wrap kb-svg-icon-fe_film kt-info-svg-icon-flip\"><svg viewBox=\"0 0 24 24\"  fill=\"none\" stroke=\"currentColor\" stroke-width=\"2\" stroke-linecap=\"round\" stroke-linejoin=\"round\" xmlns=\"http:\/\/www.w3.org\/2000\/svg\"  aria-hidden=\"true\"><rect x=\"2\" y=\"2\" width=\"20\" height=\"20\" rx=\"2.18\" ry=\"2.18\"\/><line x1=\"7\" y1=\"2\" x2=\"7\" y2=\"22\"\/><line x1=\"17\" y1=\"2\" x2=\"17\" y2=\"22\"\/><line x1=\"2\" y1=\"12\" x2=\"22\" y2=\"12\"\/><line x1=\"2\" y1=\"7\" x2=\"7\" y2=\"7\"\/><line x1=\"2\" y1=\"17\" x2=\"7\" y2=\"17\"\/><line x1=\"17\" y1=\"17\" x2=\"22\" y2=\"17\"\/><line x1=\"17\" y1=\"7\" x2=\"22\" y2=\"7\"\/><\/svg><\/span><\/div><\/div><\/div><\/div><div class=\"kt-infobox-textcontent\"><h2 class=\"kt-blocks-info-box-title\">Dizayn Proqramlar\u0131<\/h2><p class=\"kt-blocks-info-box-text\">Qrafik dizayn, foto v\u0259 video redakt\u0259 \u00fc\u00e7\u00fcn istifad\u0259 olunan pe\u015f\u0259kar proqram t\u0259minatlar\u0131.<\/p><\/div><\/a><\/div>\n\n\n<style>.wp-block-kadence-column.kb-section-dir-horizontal > .kt-inside-inner-col > .kt-info-box1657_b1c002-51 .kt-blocks-info-box-link-wrap{max-width:unset;}.kt-info-box1657_b1c002-51 .kt-blocks-info-box-link-wrap{border-top:5px solid var(--global-palette7, #eeeeee);border-right:5px solid var(--global-palette7, #eeeeee);border-bottom:5px solid var(--global-palette7, #eeeeee);border-left:5px solid var(--global-palette7, #eeeeee);border-top-left-radius:20px;border-top-right-radius:20px;border-bottom-right-radius:20px;border-bottom-left-radius:20px;background:#ffffff;padding-top:var(--global-kb-spacing-sm, 1.5rem);padding-right:var(--global-kb-spacing-sm, 1.5rem);padding-bottom:var(--global-kb-spacing-sm, 1.5rem);padding-left:var(--global-kb-spacing-sm, 1.5rem);margin-top:50px;}.kt-info-box1657_b1c002-51 .kadence-info-box-icon-container .kt-info-svg-icon, .kt-info-box1657_b1c002-51 .kt-info-svg-icon-flip, .kt-info-box1657_b1c002-51 .kt-blocks-info-box-number{font-size:50px;}.kt-info-box1657_b1c002-51 .kt-blocks-info-box-media{background:#ffffff;border-color:var(--global-palette7, #eeeeee);border-radius:200px;overflow:hidden;border-top-width:5px;border-right-width:5px;border-bottom-width:5px;border-left-width:5px;padding-top:20px;padding-right:20px;padding-bottom:20px;padding-left:20px;}.kt-info-box1657_b1c002-51 .kt-blocks-info-box-media-container{margin-top:-75px;margin-right:0px;margin-bottom:20px;margin-left:0px;}.kt-info-box1657_b1c002-51 .kt-blocks-info-box-media .kadence-info-box-image-intrisic img{border-radius:200px;}.kt-info-box1657_b1c002-51 .kt-blocks-info-box-link-wrap:hover .kt-blocks-info-box-media{color:#dce2f0;background:#50586c;}.kt-info-box1657_b1c002-51 .kt-infobox-textcontent h2.kt-blocks-info-box-title{padding-top:0px;padding-right:0px;padding-bottom:0px;padding-left:0px;margin-top:5px;margin-right:0px;margin-bottom:10px;margin-left:0px;}.kt-info-box1657_b1c002-51 .kt-blocks-info-box-learnmore{background:transparent;border-width:0px 0px 0px 0px;padding-top:4px;padding-right:8px;padding-bottom:4px;padding-left:8px;margin-top:10px;margin-right:0px;margin-bottom:10px;margin-left:0px;}.kt-info-box1657_b1c002-51 .kt-blocks-info-box-link-wrap{box-shadow:0px 0px 0px 0px rgba(0, 0, 0, 0);}.kt-info-box1657_b1c002-51 .kt-blocks-info-box-link-wrap:hover{box-shadow:0px 35px 30px -5px rgba(0, 0, 0, 0.2);}@media all and (max-width: 1024px){.kt-info-box1657_b1c002-51 .kt-blocks-info-box-link-wrap{border-top:5px solid var(--global-palette7, #eeeeee);border-right:5px solid var(--global-palette7, #eeeeee);border-bottom:5px solid var(--global-palette7, #eeeeee);border-left:5px solid var(--global-palette7, #eeeeee);box-shadow:0px 0px 0px 0px rgba(0, 0, 0, 0);}}@media all and (max-width: 1024px){.kt-info-box1657_b1c002-51 .kt-blocks-info-box-link-wrap:hover{box-shadow:0px 35px 30px -5px rgba(0, 0, 0, 0.2);}}@media all and (max-width: 767px){.kt-info-box1657_b1c002-51 .kt-blocks-info-box-link-wrap{border-top:5px solid var(--global-palette7, #eeeeee);border-right:5px solid var(--global-palette7, #eeeeee);border-bottom:5px solid var(--global-palette7, #eeeeee);border-left:5px solid var(--global-palette7, #eeeeee);box-shadow:0px 0px 0px 0px rgba(0, 0, 0, 0);}.kt-info-box1657_b1c002-51 .kt-blocks-info-box-link-wrap:hover{box-shadow:0px 35px 30px -5px rgba(0, 0, 0, 0.2);}}<\/style>\n<div class=\"wp-block-kadence-infobox kt-info-box1657_b1c002-51\"><a class=\"kt-blocks-info-box-link-wrap info-box-link kt-blocks-info-box-media-align-top kt-info-halign-center\" href=\"https:\/\/techlio.online\/files\/kateqoriyalar\/sistem-aletleri\/\" aria-label=\"Sistem Al\u0259tl\u0259ri\"><div class=\"kt-blocks-info-box-media-container\"><div class=\"kt-blocks-info-box-media kt-info-media-animate-flip\"><div class=\"kadence-info-box-icon-container kt-info-icon-animate-flip\"><div class=\"kadence-info-box-icon-inner-container\"><span class=\"kb-svg-icon-wrap kb-svg-icon-fe_settings kt-info-svg-icon\"><svg viewBox=\"0 0 24 24\"  fill=\"none\" stroke=\"currentColor\" stroke-width=\"2\" stroke-linecap=\"round\" stroke-linejoin=\"round\" xmlns=\"http:\/\/www.w3.org\/2000\/svg\"  aria-hidden=\"true\"><circle cx=\"12\" cy=\"12\" r=\"3\"\/><path d=\"M19.4 15a1.65 1.65 0 0 0 .33 1.82l.06.06a2 2 0 0 1 0 2.83 2 2 0 0 1-2.83 0l-.06-.06a1.65 1.65 0 0 0-1.82-.33 1.65 1.65 0 0 0-1 1.51V21a2 2 0 0 1-2 2 2 2 0 0 1-2-2v-.09A1.65 1.65 0 0 0 9 19.4a1.65 1.65 0 0 0-1.82.33l-.06.06a2 2 0 0 1-2.83 0 2 2 0 0 1 0-2.83l.06-.06a1.65 1.65 0 0 0 .33-1.82 1.65 1.65 0 0 0-1.51-1H3a2 2 0 0 1-2-2 2 2 0 0 1 2-2h.09A1.65 1.65 0 0 0 4.6 9a1.65 1.65 0 0 0-.33-1.82l-.06-.06a2 2 0 0 1 0-2.83 2 2 0 0 1 2.83 0l.06.06a1.65 1.65 0 0 0 1.82.33H9a1.65 1.65 0 0 0 1-1.51V3a2 2 0 0 1 2-2 2 2 0 0 1 2 2v.09a1.65 1.65 0 0 0 1 1.51 1.65 1.65 0 0 0 1.82-.33l.06-.06a2 2 0 0 1 2.83 0 2 2 0 0 1 0 2.83l-.06.06a1.65 1.65 0 0 0-.33 1.82V9a1.65 1.65 0 0 0 1.51 1H21a2 2 0 0 1 2 2 2 2 0 0 1-2 2h-.09a1.65 1.65 0 0 0-1.51 1z\"\/><\/svg><\/span><span class=\"kb-svg-icon-wrap kb-svg-icon-fe_settings kt-info-svg-icon-flip\"><svg viewBox=\"0 0 24 24\"  fill=\"none\" stroke=\"currentColor\" stroke-width=\"2\" stroke-linecap=\"round\" stroke-linejoin=\"round\" xmlns=\"http:\/\/www.w3.org\/2000\/svg\"  aria-hidden=\"true\"><circle cx=\"12\" cy=\"12\" r=\"3\"\/><path d=\"M19.4 15a1.65 1.65 0 0 0 .33 1.82l.06.06a2 2 0 0 1 0 2.83 2 2 0 0 1-2.83 0l-.06-.06a1.65 1.65 0 0 0-1.82-.33 1.65 1.65 0 0 0-1 1.51V21a2 2 0 0 1-2 2 2 2 0 0 1-2-2v-.09A1.65 1.65 0 0 0 9 19.4a1.65 1.65 0 0 0-1.82.33l-.06.06a2 2 0 0 1-2.83 0 2 2 0 0 1 0-2.83l.06-.06a1.65 1.65 0 0 0 .33-1.82 1.65 1.65 0 0 0-1.51-1H3a2 2 0 0 1-2-2 2 2 0 0 1 2-2h.09A1.65 1.65 0 0 0 4.6 9a1.65 1.65 0 0 0-.33-1.82l-.06-.06a2 2 0 0 1 0-2.83 2 2 0 0 1 2.83 0l.06.06a1.65 1.65 0 0 0 1.82.33H9a1.65 1.65 0 0 0 1-1.51V3a2 2 0 0 1 2-2 2 2 0 0 1 2 2v.09a1.65 1.65 0 0 0 1 1.51 1.65 1.65 0 0 0 1.82-.33l.06-.06a2 2 0 0 1 2.83 0 2 2 0 0 1 0 2.83l-.06.06a1.65 1.65 0 0 0-.33 1.82V9a1.65 1.65 0 0 0 1.51 1H21a2 2 0 0 1 2 2 2 2 0 0 1-2 2h-.09a1.65 1.65 0 0 0-1.51 1z\"\/><\/svg><\/span><\/div><\/div><\/div><\/div><div class=\"kt-infobox-textcontent\"><h2 class=\"kt-blocks-info-box-title\">Sistem Al\u0259tl\u0259ri<\/h2><p class=\"kt-blocks-info-box-text\">Komp\u00fcterin performans\u0131n\u0131 art\u0131ran, sistemin idar\u0259 olunmas\u0131 v\u0259 optimizasiyas\u0131 \u00fc\u00e7\u00fcn al\u0259tl\u0259r.<\/p><\/div><\/a><\/div>\n\n\n<style>.wp-block-kadence-column.kb-section-dir-horizontal > .kt-inside-inner-col > .kt-info-box1657_7fe7d4-94 .kt-blocks-info-box-link-wrap{max-width:unset;}.kt-info-box1657_7fe7d4-94 .kt-blocks-info-box-link-wrap{border-top:5px solid var(--global-palette7, #eeeeee);border-right:5px solid var(--global-palette7, #eeeeee);border-bottom:5px solid var(--global-palette7, #eeeeee);border-left:5px solid var(--global-palette7, #eeeeee);border-top-left-radius:20px;border-top-right-radius:20px;border-bottom-right-radius:20px;border-bottom-left-radius:20px;background:#ffffff;padding-top:var(--global-kb-spacing-sm, 1.5rem);padding-right:var(--global-kb-spacing-sm, 1.5rem);padding-bottom:var(--global-kb-spacing-sm, 1.5rem);padding-left:var(--global-kb-spacing-sm, 1.5rem);margin-top:50px;}.kt-info-box1657_7fe7d4-94 .kadence-info-box-icon-container .kt-info-svg-icon, .kt-info-box1657_7fe7d4-94 .kt-info-svg-icon-flip, .kt-info-box1657_7fe7d4-94 .kt-blocks-info-box-number{font-size:50px;}.kt-info-box1657_7fe7d4-94 .kt-blocks-info-box-media{background:#ffffff;border-color:var(--global-palette7, #eeeeee);border-radius:200px;overflow:hidden;border-top-width:5px;border-right-width:5px;border-bottom-width:5px;border-left-width:5px;padding-top:20px;padding-right:20px;padding-bottom:20px;padding-left:20px;}.kt-info-box1657_7fe7d4-94 .kt-blocks-info-box-media-container{margin-top:-75px;margin-right:0px;margin-bottom:20px;margin-left:0px;}.kt-info-box1657_7fe7d4-94 .kt-blocks-info-box-media .kadence-info-box-image-intrisic img{border-radius:200px;}.kt-info-box1657_7fe7d4-94 .kt-blocks-info-box-link-wrap:hover .kt-blocks-info-box-media{color:#f0edcc;background:#02343f;}.kt-info-box1657_7fe7d4-94 .kt-infobox-textcontent h2.kt-blocks-info-box-title{padding-top:0px;padding-right:0px;padding-bottom:0px;padding-left:0px;margin-top:5px;margin-right:0px;margin-bottom:10px;margin-left:0px;}.kt-info-box1657_7fe7d4-94 .kt-blocks-info-box-learnmore{background:transparent;border-width:0px 0px 0px 0px;padding-top:4px;padding-right:8px;padding-bottom:4px;padding-left:8px;margin-top:10px;margin-right:0px;margin-bottom:10px;margin-left:0px;}.kt-info-box1657_7fe7d4-94 .kt-blocks-info-box-link-wrap{box-shadow:0px 0px 0px 0px rgba(0, 0, 0, 0);}.kt-info-box1657_7fe7d4-94 .kt-blocks-info-box-link-wrap:hover{box-shadow:0px 35px 30px -5px rgba(0, 0, 0, 0.2);}@media all and (max-width: 1024px){.kt-info-box1657_7fe7d4-94 .kt-blocks-info-box-link-wrap{border-top:5px solid var(--global-palette7, #eeeeee);border-right:5px solid var(--global-palette7, #eeeeee);border-bottom:5px solid var(--global-palette7, #eeeeee);border-left:5px solid var(--global-palette7, #eeeeee);box-shadow:0px 0px 0px 0px rgba(0, 0, 0, 0);}}@media all and (max-width: 1024px){.kt-info-box1657_7fe7d4-94 .kt-blocks-info-box-link-wrap:hover{box-shadow:0px 35px 30px -5px rgba(0, 0, 0, 0.2);}}@media all and (max-width: 767px){.kt-info-box1657_7fe7d4-94 .kt-blocks-info-box-link-wrap{border-top:5px solid var(--global-palette7, #eeeeee);border-right:5px solid var(--global-palette7, #eeeeee);border-bottom:5px solid var(--global-palette7, #eeeeee);border-left:5px solid var(--global-palette7, #eeeeee);box-shadow:0px 0px 0px 0px rgba(0, 0, 0, 0);}.kt-info-box1657_7fe7d4-94 .kt-blocks-info-box-link-wrap:hover{box-shadow:0px 35px 30px -5px rgba(0, 0, 0, 0.2);}}<\/style>\n<div class=\"wp-block-kadence-infobox kt-info-box1657_7fe7d4-94\"><a class=\"kt-blocks-info-box-link-wrap info-box-link kt-blocks-info-box-media-align-top kt-info-halign-center\" href=\"https:\/\/techlio.online\/files\/kateqoriyalar\/mobil-tetbiqler\/\" aria-label=\"Mobil T\u0259tbiql\u0259r\"><div class=\"kt-blocks-info-box-media-container\"><div class=\"kt-blocks-info-box-media kt-info-media-animate-flip\"><div class=\"kadence-info-box-icon-container kt-info-icon-animate-flip\"><div class=\"kadence-info-box-icon-inner-container\"><span class=\"kb-svg-icon-wrap kb-svg-icon-fe_smartphone kt-info-svg-icon\"><svg viewBox=\"0 0 24 24\"  fill=\"none\" stroke=\"currentColor\" stroke-width=\"2\" stroke-linecap=\"round\" stroke-linejoin=\"round\" xmlns=\"http:\/\/www.w3.org\/2000\/svg\"  aria-hidden=\"true\"><rect x=\"5\" y=\"2\" width=\"14\" height=\"20\" rx=\"2\" ry=\"2\"\/><line x1=\"12\" y1=\"18\" x2=\"12\" y2=\"18\"\/><\/svg><\/span><span class=\"kb-svg-icon-wrap kb-svg-icon-fe_smartphone kt-info-svg-icon-flip\"><svg viewBox=\"0 0 24 24\"  fill=\"none\" stroke=\"currentColor\" stroke-width=\"2\" stroke-linecap=\"round\" stroke-linejoin=\"round\" xmlns=\"http:\/\/www.w3.org\/2000\/svg\"  aria-hidden=\"true\"><rect x=\"5\" y=\"2\" width=\"14\" height=\"20\" rx=\"2\" ry=\"2\"\/><line x1=\"12\" y1=\"18\" x2=\"12\" y2=\"18\"\/><\/svg><\/span><\/div><\/div><\/div><\/div><div class=\"kt-infobox-textcontent\"><h2 class=\"kt-blocks-info-box-title\">Mobil T\u0259tbiql\u0259r<\/h2><p class=\"kt-blocks-info-box-text\">Android cihazlar \u00fc\u00e7\u00fcn g\u00fcnd\u0259lik istifad\u0259 v\u0259 m\u0259hsuldarl\u0131q t\u0259tbiql\u0259ri.<\/p><\/div><\/a><\/div>\n<\/div>\n","protected":false},"excerpt":{"rendered":"","protected":false},"author":1,"featured_media":0,"parent":0,"menu_order":0,"comment_status":"closed","ping_status":"closed","template":"","meta":{"_kadence_starter_templates_imported_post":false,"footnotes":""},"class_list":["post-1657","page","type-page","status-publish","hentry"],"blocksy_meta":[],"featured_image_url":[],"post_author":"Techman","assigned_categories":"","rttpg_featured_image_url":null,"rttpg_author":{"display_name":"Techman","author_link":"https:\/\/techlio.online\/files\/author\/asgadmin\/"},"rttpg_comment":0,"rttpg_category":null,"rttpg_excerpt":null,"_links":{"self":[{"href":"https:\/\/techlio.online\/files\/wp-json\/wp\/v2\/pages\/1657","targetHints":{"allow":["GET"]}}],"collection":[{"href":"https:\/\/techlio.online\/files\/wp-json\/wp\/v2\/pages"}],"about":[{"href":"https:\/\/techlio.online\/files\/wp-json\/wp\/v2\/types\/page"}],"author":[{"embeddable":true,"href":"https:\/\/techlio.online\/files\/wp-json\/wp\/v2\/users\/1"}],"replies":[{"embeddable":true,"href":"https:\/\/techlio.online\/files\/wp-json\/wp\/v2\/comments?post=1657"}],"version-history":[{"count":2,"href":"https:\/\/techlio.online\/files\/wp-json\/wp\/v2\/pages\/1657\/revisions"}],"predecessor-version":[{"id":1747,"href":"https:\/\/techlio.online\/files\/wp-json\/wp\/v2\/pages\/1657\/revisions\/1747"}],"wp:attachment":[{"href":"https:\/\/techlio.online\/files\/wp-json\/wp\/v2\/media?parent=1657"}],"curies":[{"name":"wp","href":"https:\/\/api.w.org\/{rel}","templated":true}]}}