{"id":1565,"date":"2026-04-15T14:52:54","date_gmt":"2026-04-15T14:52:54","guid":{"rendered":"https:\/\/techlio.online\/files\/?page_id=1565"},"modified":"2026-04-17T07:54:03","modified_gmt":"2026-04-17T07:54:03","slug":"elaqe","status":"publish","type":"page","link":"https:\/\/techlio.online\/files\/elaqe\/","title":{"rendered":"\u018flaq\u0259"},"content":{"rendered":"<style>.wp-block-kadence-advancedheading.kt-adv-heading1565_52cda2-c6, .wp-block-kadence-advancedheading.kt-adv-heading1565_52cda2-c6[data-kb-block=\"kb-adv-heading1565_52cda2-c6\"]{text-align:center;font-weight:400;font-style:normal;font-family:Arial, Helvetica, sans-serif;}.wp-block-kadence-advancedheading.kt-adv-heading1565_52cda2-c6 mark.kt-highlight, .wp-block-kadence-advancedheading.kt-adv-heading1565_52cda2-c6[data-kb-block=\"kb-adv-heading1565_52cda2-c6\"] mark.kt-highlight{font-style:normal;color:#f76a0c;-webkit-box-decoration-break:clone;box-decoration-break:clone;padding-top:0px;padding-right:0px;padding-bottom:0px;padding-left:0px;}.wp-block-kadence-advancedheading.kt-adv-heading1565_52cda2-c6 img.kb-inline-image, .wp-block-kadence-advancedheading.kt-adv-heading1565_52cda2-c6[data-kb-block=\"kb-adv-heading1565_52cda2-c6\"] img.kb-inline-image{width:150px;vertical-align:baseline;}<\/style>\n<h2 class=\"kt-adv-heading1565_52cda2-c6 wp-block-kadence-advancedheading\" data-kb-block=\"kb-adv-heading1565_52cda2-c6\">Siz\u0259 nec\u0259 k\u00f6m\u0259k ed\u0259 bil\u0259rik?<\/h2>\n\n\n<style>.wp-block-kadence-advancedheading.kt-adv-heading1565_3efdcf-83, .wp-block-kadence-advancedheading.kt-adv-heading1565_3efdcf-83[data-kb-block=\"kb-adv-heading1565_3efdcf-83\"]{font-weight:400;font-style:normal;font-family:Arial, Helvetica, sans-serif;}.wp-block-kadence-advancedheading.kt-adv-heading1565_3efdcf-83 mark.kt-highlight, .wp-block-kadence-advancedheading.kt-adv-heading1565_3efdcf-83[data-kb-block=\"kb-adv-heading1565_3efdcf-83\"] mark.kt-highlight{font-style:normal;color:#f76a0c;-webkit-box-decoration-break:clone;box-decoration-break:clone;padding-top:0px;padding-right:0px;padding-bottom:0px;padding-left:0px;}.wp-block-kadence-advancedheading.kt-adv-heading1565_3efdcf-83 img.kb-inline-image, .wp-block-kadence-advancedheading.kt-adv-heading1565_3efdcf-83[data-kb-block=\"kb-adv-heading1565_3efdcf-83\"] img.kb-inline-image{width:150px;vertical-align:baseline;}<\/style>\n<h5 class=\"kt-adv-heading1565_3efdcf-83 wp-block-kadence-advancedheading\" data-kb-block=\"kb-adv-heading1565_3efdcf-83\">H\u0259r hans\u0131 sual\u0131n\u0131z, t\u0259klifiniz v\u0259 ya \u0259m\u0259kda\u015fl\u0131q ist\u0259yiniz varsa, biziml\u0259 \u0259laq\u0259 saxlay\u0131n. Fikirl\u0259riniz bizim \u00fc\u00e7\u00fcn \u00f6n\u0259mlidir.<\/h5>\n\n\n<style>.wp-block-kadence-spacer.kt-block-spacer-1565_9bb864-19 .kt-block-spacer{height:60px;}.wp-block-kadence-spacer.kt-block-spacer-1565_9bb864-19 .kt-divider{border-top-width:1px;height:1px;border-top-color:#eee;width:80%;border-top-style:solid;}<\/style>\n<div class=\"wp-block-kadence-spacer aligncenter kt-block-spacer-1565_9bb864-19\"><div class=\"kt-block-spacer kt-block-spacer-halign-center\"><hr class=\"kt-divider\"\/><\/div><\/div>\n\n\n\n\t<div class=\"fluentform-block-d2d46016-bbe7 ffblock-block-frontend\">\n\t\t<div class=\"ffblock-fluent-form-wrapper ffblock-fluent-form-style-1 \">\n\t\t\t<div class='fluentform ff-default fluentform_wrapper_1 ffs_default_wrap'><form data-form_id=\"1\" id=\"fluentform_1\" class=\"frm-fluent-form fluent_form_1 ff-el-form-top ff_form_instance_1_1 ff-form-loading ffs_default\" data-form_instance=\"ff_form_instance_1_1\" method=\"POST\" ><fieldset  style=\"border: none!important;margin: 0!important;padding: 0!important;background-color: transparent!important;box-shadow: none!important;outline: none!important; min-inline-size: 100%;\">\n                    <legend class=\"ff_screen_reader_title\" style=\"display: block; margin: 0!important;padding: 0!important;height: 0!important;text-indent: -999999px;width: 0!important;overflow:hidden;\">Contact Form Demo<\/legend><input type='hidden' name='__fluent_form_embded_post_id' value='1565' \/><input type=\"hidden\" id=\"_fluentform_1_fluentformnonce\" name=\"_fluentform_1_fluentformnonce\" value=\"0b6cbd276f\" \/><input type=\"hidden\" name=\"_wp_http_referer\" value=\"\/files\/wp-json\/wp\/v2\/pages\/1565\" \/><div data-type=\"name-element\" data-name=\"names\" class=\" ff-field_container ff-name-field-wrapper\" ><div class='ff-t-container'><div class='ff-t-cell '><div class='ff-el-group'><div class=\"ff-el-input--label ff-el-is-required asterisk-right\"><label for='ff_1_names_first_name_' id='label_ff_1_names_first_name_' >Ad\u0131n\u0131z v\u0259 soyad\u0131n\u0131z<\/label><\/div><div class='ff-el-input--content'><input type=\"text\" name=\"names[first_name]\" id=\"ff_1_names_first_name_\" class=\"ff-el-form-control\" placeholder=\"Ad v\u0259 soyad\" aria-invalid=\"false\" aria-required=true><\/div><\/div><\/div><\/div><\/div><div class='ff-el-group'><div class=\"ff-el-input--label ff-el-is-required asterisk-right\"><label for='ff_1_email' id='label_ff_1_email' aria-label=\"E-po\u00e7t\">E-po\u00e7t<\/label><\/div><div class='ff-el-input--content'><input type=\"email\" name=\"email\" id=\"ff_1_email\" class=\"ff-el-form-control\" placeholder=\"E-po\u00e7tunuzu daxil edin\" data-name=\"email\"  aria-invalid=\"false\" aria-required=true><\/div><\/div><div class='ff-el-group'><div class=\"ff-el-input--label ff-el-is-required asterisk-right\"><label for='ff_1_message' id='label_ff_1_message' aria-label=\"Mesaj\u0131n\u0131z\">Mesaj\u0131n\u0131z<\/label><\/div><div class='ff-el-input--content'><textarea aria-required=\"true\" aria-labelledby=\"label_ff_1_message\" name=\"message\" id=\"ff_1_message\" class=\"ff-el-form-control\" placeholder=\"Mesaj\u0131n\u0131z\u0131 daxil edin\" rows=\"4\" cols=\"2\" data-name=\"message\" ><\/textarea><\/div><\/div><div class='ff-el-group ff-text-left ff_submit_btn_wrapper'><button type=\"submit\" class=\"ff-btn ff-btn-submit ff-btn-md ff_btn_style\"  aria-label=\"G\u00f6nd\u0259r\">G\u00f6nd\u0259r<\/button><\/div><\/fieldset><\/form><div id='fluentform_1_errors' class='ff-errors-in-stack ff_form_instance_1_1 ff-form-loading_errors ff_form_instance_1_1_errors'><\/div><\/div>            <script type=\"text\/javascript\">\n                window.fluent_form_ff_form_instance_1_1 = {\"id\":\"1\",\"ajaxUrl\":\"https:\\\/\\\/techlio.online\\\/files\\\/wp-admin\\\/admin-ajax.php\",\"settings\":{\"layout\":{\"labelPlacement\":\"top\",\"helpMessagePlacement\":\"with_label\",\"errorMessagePlacement\":\"inline\",\"cssClassName\":\"\",\"asteriskPlacement\":\"asterisk-right\"},\"restrictions\":{\"denyEmptySubmission\":{\"enabled\":false}}},\"form_instance\":\"ff_form_instance_1_1\",\"form_id_selector\":\"fluentform_1\",\"rules\":{\"names[first_name]\":{\"required\":{\"value\":true,\"message\":\"Bu xanan\\u0131n doldurulmas\\u0131 vacibdir\",\"global\":false,\"global_message\":\"This field is required\"}},\"names[middle_name]\":{\"required\":{\"value\":false,\"message\":\"This field is required\",\"global\":false,\"global_message\":\"This field is required\"}},\"names[last_name]\":{\"required\":{\"value\":false,\"message\":\"This field is required\",\"global\":false,\"global_message\":\"This field is required\"}},\"email\":{\"required\":{\"value\":true,\"message\":\"Bu xanan\\u0131n doldurulmas\\u0131 vacibdir\",\"global\":false,\"global_message\":\"This field is required\"},\"email\":{\"value\":true,\"message\":\"This field must contain a valid email\",\"global\":false,\"global_message\":\"This field must contain a valid email\"}},\"message\":{\"required\":{\"value\":true,\"message\":\"Bu xanan\\u0131n doldurulmas\\u0131 vacibdir\",\"global\":false,\"global_message\":\"This field is required\"}}},\"debounce_time\":300};\n                            <\/script>\n            \t\t<\/div>\n\t<\/div>\n","protected":false},"excerpt":{"rendered":"<p>Siz\u0259 nec\u0259 k\u00f6m\u0259k ed\u0259 bil\u0259rik? H\u0259r hans\u0131 sual\u0131n\u0131z, t\u0259klifiniz v\u0259 ya \u0259m\u0259kda\u015fl\u0131q ist\u0259yiniz varsa, biziml\u0259 \u0259laq\u0259 saxlay\u0131n. Fikirl\u0259riniz bizim \u00fc\u00e7\u00fcn \u00f6n\u0259mlidir.<\/p>\n","protected":false},"author":1,"featured_media":0,"parent":0,"menu_order":0,"comment_status":"closed","ping_status":"closed","template":"","meta":{"_kadence_starter_templates_imported_post":false,"footnotes":""},"class_list":["post-1565","page","type-page","status-publish","hentry"],"blocksy_meta":[],"featured_image_url":[],"post_author":"Techman","assigned_categories":"","rttpg_featured_image_url":null,"rttpg_author":{"display_name":"Techman","author_link":"https:\/\/techlio.online\/files\/author\/asgadmin\/"},"rttpg_comment":0,"rttpg_category":null,"rttpg_excerpt":"Siz\u0259 nec\u0259 k\u00f6m\u0259k ed\u0259 bil\u0259rik? H\u0259r hans\u0131 sual\u0131n\u0131z, t\u0259klifiniz v\u0259 ya \u0259m\u0259kda\u015fl\u0131q ist\u0259yiniz varsa, biziml\u0259 \u0259laq\u0259 saxlay\u0131n. Fikirl\u0259riniz bizim \u00fc\u00e7\u00fcn \u00f6n\u0259mlidir.","_links":{"self":[{"href":"https:\/\/techlio.online\/files\/wp-json\/wp\/v2\/pages\/1565","targetHints":{"allow":["GET"]}}],"collection":[{"href":"https:\/\/techlio.online\/files\/wp-json\/wp\/v2\/pages"}],"about":[{"href":"https:\/\/techlio.online\/files\/wp-json\/wp\/v2\/types\/page"}],"author":[{"embeddable":true,"href":"https:\/\/techlio.online\/files\/wp-json\/wp\/v2\/users\/1"}],"replies":[{"embeddable":true,"href":"https:\/\/techlio.online\/files\/wp-json\/wp\/v2\/comments?post=1565"}],"version-history":[{"count":6,"href":"https:\/\/techlio.online\/files\/wp-json\/wp\/v2\/pages\/1565\/revisions"}],"predecessor-version":[{"id":1733,"href":"https:\/\/techlio.online\/files\/wp-json\/wp\/v2\/pages\/1565\/revisions\/1733"}],"wp:attachment":[{"href":"https:\/\/techlio.online\/files\/wp-json\/wp\/v2\/media?parent=1565"}],"curies":[{"name":"wp","href":"https:\/\/api.w.org\/{rel}","templated":true}]}}