{"id":10,"date":"2026-04-15T07:02:00","date_gmt":"2026-04-15T07:02:00","guid":{"rendered":"https:\/\/techlio.online\/files\/about\/"},"modified":"2026-04-17T07:54:53","modified_gmt":"2026-04-17T07:54:53","slug":"haqqimizda","status":"publish","type":"page","link":"https:\/\/techlio.online\/files\/haqqimizda\/","title":{"rendered":"Haqq\u0131m\u0131zda"},"content":{"rendered":"\n<pre class=\"wp-block-preformatted has-medium-font-size\"><br><strong>Biz istifad\u0259\u00e7il\u0259ri m\u0259lumatland\u0131r\u0131r, k\u00f6m\u0259k edir v\u0259 texnologiya sah\u0259sind\u0259 d\u0259st\u0259k veririk<\/strong><br><br><strong>Techlio<\/strong> - texnologiya v\u0259 proqram t\u0259minat\u0131 sah\u0259sind\u0259 f\u0259aliyy\u0259t g\u00f6st\u0259r\u0259n blog platformas\u0131d\u0131r. \u0130stifad\u0259\u00e7il\u0259r\u0259 etibarl\u0131 proqram m\u0259lumatlar\u0131, r\u0259smi m\u0259nb\u0259l\u0259r\u0259 y\u00f6nl\u0259ndirm\u0259 v\u0259 praktiki qura\u015fd\u0131rma t\u0259limatlar\u0131 t\u0259qdim etm\u0259k m\u0259qs\u0259di il\u0259 yarad\u0131lm\u0131\u015fd\u0131r. Sayt\u0131m\u0131z r\u0259q\u0259msal al\u0259tl\u0259ri daha sad\u0259 v\u0259 ba\u015fa d\u00fc\u015f\u00fcl\u0259n \u015f\u0259kild\u0259 t\u0259qdim etm\u0259y\u0259 fokuslan\u0131r.<br><br>Biz istifad\u0259\u00e7il\u0259r\u0259 proqramlar, sistem t\u0259l\u0259bl\u0259ri v\u0259 qura\u015fd\u0131rma qaydalar\u0131 haqq\u0131nda ayd\u0131n v\u0259 strukturla\u015fd\u0131r\u0131lm\u0131\u015f m\u0259lumatlar t\u0259qdim edirik. Techlio <strong>sad\u0259lik<\/strong>, <strong>etibarl\u0131l\u0131q <\/strong>v\u0259 <strong>praktik h\u0259ll<\/strong> axtaran istifad\u0259\u00e7il\u0259r \u00fc\u00e7\u00fcn yarad\u0131l\u0131b.<br><br>B\u0259zi istifad\u0259\u00e7il\u0259r proqramlar\u0131n qura\u015fd\u0131r\u0131lmas\u0131 v\u0259 ya istifad\u0259si zaman\u0131 \u00e7\u0259tinlikl\u0259rl\u0259 qar\u015f\u0131la\u015fa bilirl\u0259r. Bu s\u0259b\u0259bd\u0259n biz \u0259lav\u0259 olaraq <strong>\u00f6d\u0259ni\u015fli<\/strong> texniki d\u0259st\u0259k xidm\u0259ti d\u0259 t\u0259qdim edirik. Bu xidm\u0259t \u00e7\u0259r\u00e7iv\u0259sind\u0259 proqramlar\u0131n d\u00fczg\u00fcn qurulmas\u0131, probleml\u0259rin h\u0259lli v\u0259 sistem optimizasiyas\u0131 h\u0259yata ke\u00e7irilir.<br><br><strong>M\u0259qs\u0259dimiz <\/strong>yaln\u0131z m\u0259lumat payla\u015fmaq deyil, h\u0259m d\u0259 real texniki ehtiyaclar\u0131 olan istifad\u0259\u00e7il\u0259r\u0259 praktiki d\u0259st\u0259k g\u00f6st\u0259rm\u0259kdir. Biz <strong>\u015f\u0259ffafl\u0131q<\/strong>, <strong>etibarl\u0131l\u0131q <\/strong>v\u0259 <strong>faydal\u0131 xidm\u0259t<\/strong> prinsipl\u0259ri il\u0259 f\u0259aliyy\u0259t g\u00f6st\u0259ririk.<br><br>H\u0259r hans\u0131 sual\u0131n\u0131z v\u0259 ya d\u0259st\u0259y\u0259 ehtiyac\u0131n\u0131z olarsa, biziml\u0259 <strong><a href=\"https:\/\/techlio.online\/files\/elaqe\/\" data-type=\"page\" data-id=\"1565\">\u0259laq\u0259<\/a><\/strong> saxlaya bil\u0259rsiniz. <strong>\u0130stifad\u0259\u00e7i t\u0259cr\u00fcb\u0259sini daim yax\u015f\u0131la\u015fd\u0131rma\u011fa \u00e7al\u0131\u015f\u0131r\u0131q.<\/strong><\/pre>\n\n\n\n<p><\/p>\n","protected":false},"excerpt":{"rendered":"<p>Biz istifad\u0259\u00e7il\u0259ri m\u0259lumatland\u0131r\u0131r, k\u00f6m\u0259k edir v\u0259 texnologiya sah\u0259sind\u0259 d\u0259st\u0259k veririkTechlio &#8211; texnologiya v\u0259 proqram t\u0259minat\u0131 sah\u0259sind\u0259 f\u0259aliyy\u0259t g\u00f6st\u0259r\u0259n blog platformas\u0131d\u0131r. \u0130stifad\u0259\u00e7il\u0259r\u0259 etibarl\u0131 proqram m\u0259lumatlar\u0131, r\u0259smi m\u0259nb\u0259l\u0259r\u0259 y\u00f6nl\u0259ndirm\u0259 v\u0259 praktiki qura\u015fd\u0131rma t\u0259limatlar\u0131 t\u0259qdim etm\u0259k m\u0259qs\u0259di il\u0259 yarad\u0131lm\u0131\u015fd\u0131r. Sayt\u0131m\u0131z r\u0259q\u0259msal al\u0259tl\u0259ri daha sad\u0259 v\u0259 ba\u015fa d\u00fc\u015f\u00fcl\u0259n \u015f\u0259kild\u0259 t\u0259qdim etm\u0259y\u0259 fokuslan\u0131r.Biz istifad\u0259\u00e7il\u0259r\u0259 proqramlar, sistem t\u0259l\u0259bl\u0259ri v\u0259 qura\u015fd\u0131rma qaydalar\u0131 [&hellip;]<\/p>\n","protected":false},"author":1,"featured_media":0,"parent":0,"menu_order":0,"comment_status":"closed","ping_status":"closed","template":"","meta":{"_kadence_starter_templates_imported_post":false,"footnotes":""},"class_list":["post-10","page","type-page","status-publish","hentry"],"blocksy_meta":[],"featured_image_url":[],"post_author":"Techman","assigned_categories":"","rttpg_featured_image_url":null,"rttpg_author":{"display_name":"Techman","author_link":"https:\/\/techlio.online\/files\/author\/asgadmin\/"},"rttpg_comment":0,"rttpg_category":null,"rttpg_excerpt":"Biz istifad\u0259\u00e7il\u0259ri m\u0259lumatland\u0131r\u0131r, k\u00f6m\u0259k edir v\u0259 texnologiya sah\u0259sind\u0259 d\u0259st\u0259k veririkTechlio - texnologiya v\u0259 proqram t\u0259minat\u0131 sah\u0259sind\u0259 f\u0259aliyy\u0259t g\u00f6st\u0259r\u0259n blog platformas\u0131d\u0131r. \u0130stifad\u0259\u00e7il\u0259r\u0259 etibarl\u0131 proqram m\u0259lumatlar\u0131, r\u0259smi m\u0259nb\u0259l\u0259r\u0259 y\u00f6nl\u0259ndirm\u0259 v\u0259 praktiki qura\u015fd\u0131rma t\u0259limatlar\u0131 t\u0259qdim etm\u0259k m\u0259qs\u0259di il\u0259 yarad\u0131lm\u0131\u015fd\u0131r. Sayt\u0131m\u0131z r\u0259q\u0259msal al\u0259tl\u0259ri daha sad\u0259 v\u0259 ba\u015fa d\u00fc\u015f\u00fcl\u0259n \u015f\u0259kild\u0259 t\u0259qdim etm\u0259y\u0259 fokuslan\u0131r.Biz istifad\u0259\u00e7il\u0259r\u0259 proqramlar, sistem t\u0259l\u0259bl\u0259ri v\u0259 qura\u015fd\u0131rma qaydalar\u0131&hellip;","_links":{"self":[{"href":"https:\/\/techlio.online\/files\/wp-json\/wp\/v2\/pages\/10","targetHints":{"allow":["GET"]}}],"collection":[{"href":"https:\/\/techlio.online\/files\/wp-json\/wp\/v2\/pages"}],"about":[{"href":"https:\/\/techlio.online\/files\/wp-json\/wp\/v2\/types\/page"}],"author":[{"embeddable":true,"href":"https:\/\/techlio.online\/files\/wp-json\/wp\/v2\/users\/1"}],"replies":[{"embeddable":true,"href":"https:\/\/techlio.online\/files\/wp-json\/wp\/v2\/comments?post=10"}],"version-history":[{"count":10,"href":"https:\/\/techlio.online\/files\/wp-json\/wp\/v2\/pages\/10\/revisions"}],"predecessor-version":[{"id":1736,"href":"https:\/\/techlio.online\/files\/wp-json\/wp\/v2\/pages\/10\/revisions\/1736"}],"wp:attachment":[{"href":"https:\/\/techlio.online\/files\/wp-json\/wp\/v2\/media?parent=10"}],"curies":[{"name":"wp","href":"https:\/\/api.w.org\/{rel}","templated":true}]}}